{"id":35,"date":"2019-11-02T13:27:57","date_gmt":"2019-11-02T13:27:57","guid":{"rendered":"http:\/\/perfect.inesctec.pt\/?page_id=35"},"modified":"2019-12-19T12:44:03","modified_gmt":"2019-12-19T12:44:03","slug":"35-2","status":"publish","type":"page","link":"https:\/\/perfect.inesctec.pt\/","title":{"rendered":"Project Overview"},"content":{"rendered":"\n<p style=\"text-align:left\">PERFECT aims to be the first step towards the creation of highly reliable multisensory virtual environments for training and simulation that delivers Perceptually Equivalent stimuli and thus enables the certification of trainees using only Virtual Reality (VR) technologies. This project represents a multidisciplinary approach where the existing knowledge within the research team can be explored to its full potential from the computer science, psychology and biomedical fields.<\/p>\n\n\n\n<p>By achieving the PERFECT objectives, we will be a step closer to achieve our long term goal and thus have an important impact on how VR can help people to train in a safer and affordable way while making sure they will perform as expected when faced with a real situation.<\/p>\n\n\n\n<h3 class=\"wp-block-heading\">What is happening &#8230;<\/h3>\n\n\n      <div id=\"post-grid-lazy-75\" class=\"post-grid-lazy\"><img decoding=\"async\" alt=\"\" src=\"\" \/><\/div>\n    <script>\n      jQuery('#post-grid-lazy-75').ready(function($) {\n        $('#post-grid-lazy-75').fadeOut();\n        $('#post-grid-75   ').fadeIn();\n      })\n    <\/script>\n    <style type=\"text\/css\">\n      #post-grid-75 {\n        display: none;\n      }\n\n      .post-grid-lazy {\n        text-align: center;\n      }\n    <\/style>\n    <div data-options='{&quot;id&quot;:&quot;75&quot;,&quot;lazy_load&quot;:&quot;yes&quot;,&quot;masonry_enable&quot;:&quot;no&quot;,&quot;view_type&quot;:&quot;grid&quot;}' id=\"post-grid-75\" class=\"post-grid grid\">\n    \n\n\n    <div class=\"grid-items\">\n      <div class=\"item item-150 skin flat even 0 \">\n        <div class=\"layer-wrapper layout-\">\n        <div class=\"layer-media\"><a href=\"https:\/\/perfect.inesctec.pt\/?p=150\"><img decoding=\"async\" src=\"http:\/\/perfect.inesctec.pt\/wp-content\/uploads\/2021\/07\/PowerPoint-1024x576.jpg\" \/><\/a><\/div>\n  <div class=\"layer-content\">\n        <div class=\"element element_0  title_link \">\r\n                    <a target=\"\"\r\n                href=\"https:\/\/perfect.inesctec.pt\/?p=150\">The PERFECT Project Symposium<\/a>\r\n            <\/div>\r\n    <div class=\"element element_1  excerpt \">\r\n        The PERFECT Project Symposium was the last public event of the project where all the project outputs were presented and            <\/div>\r\n            <a class=\"element element_2  read_more \"\r\n            target=\"\"\r\n            href=\"https:\/\/perfect.inesctec.pt\/?p=150\"><\/a>\r\n      <\/div>\n    <\/div>\n  <\/div><div class=\"item item-168 skin flat odd 1 \">\n        <div class=\"layer-wrapper layout-\">\n        <div class=\"layer-media\"><a href=\"https:\/\/perfect.inesctec.pt\/?p=168\"><img decoding=\"async\" src=\"http:\/\/perfect.inesctec.pt\/wp-content\/uploads\/2021\/07\/EncarnacaoGui-1024x575.jpg\" \/><\/a><\/div>\n  <div class=\"layer-content\">\n        <div class=\"element element_0  title_link \">\r\n                    <a target=\"\"\r\n                href=\"https:\/\/perfect.inesctec.pt\/?p=168\">PERFECT paper distinguished with Professor Jos\u00e9 Lu\u00eds Encarna\u00e7\u00e3o 2019 award<\/a>\r\n            <\/div>\r\n    <div class=\"element element_1  excerpt \">\r\n        The prize was awarded to the publication \u201cImpact Of Different Sensory Stimuli On Presence In Credible Virtual Environments\u201d published in            <\/div>\r\n            <a class=\"element element_2  read_more \"\r\n            target=\"\"\r\n            href=\"https:\/\/perfect.inesctec.pt\/?p=168\"><\/a>\r\n      <\/div>\n    <\/div>\n  <\/div><div class=\"item item-113 skin flat even 2 \">\n        <div class=\"layer-wrapper layout-\">\n        <div class=\"layer-media\"><a href=\"https:\/\/perfect.inesctec.pt\/?p=113\"><img decoding=\"async\" alt=\"\" src=\"https:\/\/perfect.inesctec.pt\/wp-content\/uploads\/2019\/12\/utad.jpg\" \/><\/a><\/div>\n  <div class=\"layer-content\">\n        <div class=\"element element_0  title_link \">\r\n                    <a target=\"\"\r\n                href=\"https:\/\/perfect.inesctec.pt\/?p=113\">Seminar: PERFECT &#8211; Perceptual Equivalence in virtual Reality For authEntiC environmenTs<\/a>\r\n            <\/div>\r\n    <div class=\"element element_1  excerpt \">\r\n        A seminar for the Ph.D. students on Informatics of the University of Tr\u00e1s-os-Montes and Alto Douro has been held focusing            <\/div>\r\n            <a class=\"element element_2  read_more \"\r\n            target=\"\"\r\n            href=\"https:\/\/perfect.inesctec.pt\/?p=113\"><\/a>\r\n      <\/div>\n    <\/div>\n  <\/div><div class=\"item item-109 skin flat odd 3 \">\n        <div class=\"layer-wrapper layout-\">\n        <div class=\"layer-media\"><a href=\"https:\/\/perfect.inesctec.pt\/?p=109\"><img decoding=\"async\" alt=\"\" src=\"https:\/\/perfect.inesctec.pt\/wp-content\/uploads\/2019\/12\/ESact-1024x563.jpg\" \/><\/a><\/div>\n  <div class=\"layer-content\">\n        <div class=\"element element_0  title_link \">\r\n                    <a target=\"\"\r\n                href=\"https:\/\/perfect.inesctec.pt\/?p=109\">Seminar: Virtual Reality Training as a tool to train First Responders<\/a>\r\n            <\/div>\r\n    <div class=\"element element_1  excerpt \">\r\n        It took place on the Instituto Polit\u00e9cnico de Bragan\u00e7a a seminar entitled \"Virtual Reality Training as a tool to train            <\/div>\r\n            <a class=\"element element_2  read_more \"\r\n            target=\"\"\r\n            href=\"https:\/\/perfect.inesctec.pt\/?p=109\"><\/a>\r\n      <\/div>\n    <\/div>\n  <\/div><div class=\"item item-144 skin flat even 4 \">\n        <div class=\"layer-wrapper layout-\">\n        <div class=\"layer-media\"><a href=\"https:\/\/perfect.inesctec.pt\/?p=144\"><img decoding=\"async\" src=\"http:\/\/perfect.inesctec.pt\/wp-content\/uploads\/2021\/07\/IMG_8833-1-1024x768.jpg\" \/><\/a><\/div>\n  <div class=\"layer-content\">\n        <div class=\"element element_0  title_link \">\r\n                    <a target=\"\"\r\n                href=\"https:\/\/perfect.inesctec.pt\/?p=144\">Project Seminar held at Biomedical Engineering Seminars<\/a>\r\n            <\/div>\r\n    <div class=\"element element_1  excerpt \">\r\n        A seminar to promote the project's vision and all the research and development progresses and potential was conducted by Professor            <\/div>\r\n            <a class=\"element element_2  read_more \"\r\n            target=\"\"\r\n            href=\"https:\/\/perfect.inesctec.pt\/?p=144\"><\/a>\r\n      <\/div>\n    <\/div>\n  <\/div><div class=\"item item-72 skin flat odd 5 \">\n        <div class=\"layer-wrapper layout-\">\n        <div class=\"layer-media\"><a href=\"https:\/\/perfect.inesctec.pt\/?p=72\"><img decoding=\"async\" alt=\"\" src=\"https:\/\/perfect.inesctec.pt\/wp-content\/uploads\/2019\/11\/inesctec.png\" \/><\/a><\/div>\n  <div class=\"layer-content\">\n        <div class=\"element element_0  title_link \">\r\n                    <a target=\"\"\r\n                href=\"https:\/\/perfect.inesctec.pt\/?p=72\">PERFECT Annual Meeting<\/a>\r\n            <\/div>\r\n    <div class=\"element element_1  excerpt \">\r\n        All the researchers of the project have gathered to present and discuss the project progress and the produced results during            <\/div>\r\n            <a class=\"element element_2  read_more \"\r\n            target=\"\"\r\n            href=\"https:\/\/perfect.inesctec.pt\/?p=72\"><\/a>\r\n      <\/div>\n    <\/div>\n  <\/div><div class=\"item item-78 skin flat even 6 \">\n        <div class=\"layer-wrapper layout-\">\n        <div class=\"layer-media\"><a href=\"https:\/\/perfect.inesctec.pt\/?p=78\"><img decoding=\"async\" alt=\"\" src=\"https:\/\/perfect.inesctec.pt\/wp-content\/uploads\/2019\/12\/IMG_1958-2-768x1024.jpg\" \/><\/a><\/div>\n  <div class=\"layer-content\">\n        <div class=\"element element_0  title_link \">\r\n                    <a target=\"\"\r\n                href=\"https:\/\/perfect.inesctec.pt\/?p=78\">Real-world exercises<\/a>\r\n            <\/div>\r\n    <div class=\"element element_1  excerpt \">\r\n        One of the goals of the project is to compare the physiological response of trainees in the real-world training scenario            <\/div>\r\n            <a class=\"element element_2  read_more \"\r\n            target=\"\"\r\n            href=\"https:\/\/perfect.inesctec.pt\/?p=78\"><\/a>\r\n      <\/div>\n    <\/div>\n  <\/div><div class=\"item item-80 skin flat odd 7 \">\n        <div class=\"layer-wrapper layout-\">\n        <div class=\"layer-media\"><a href=\"https:\/\/perfect.inesctec.pt\/?p=80\"><img decoding=\"async\" alt=\"\" src=\"https:\/\/perfect.inesctec.pt\/wp-content\/uploads\/2019\/11\/IMG_7629-1024x768.jpg\" \/><\/a><\/div>\n  <div class=\"layer-content\">\n        <div class=\"element element_0  title_link \">\r\n                    <a target=\"\"\r\n                href=\"https:\/\/perfect.inesctec.pt\/?p=80\">Virtual Reality Experiments<\/a>\r\n            <\/div>\r\n    <div class=\"element element_1  excerpt \">\r\n        A set of virtual reality-based training experiments was undertaken. In this trial, besides the audiovisual control condition, the experiments have            <\/div>\r\n            <a class=\"element element_2  read_more \"\r\n            target=\"\"\r\n            href=\"https:\/\/perfect.inesctec.pt\/?p=80\"><\/a>\r\n      <\/div>\n    <\/div>\n  <\/div><div class=\"item item-82 skin flat even 8 \">\n        <div class=\"layer-wrapper layout-\">\n        <div class=\"layer-media\"><a href=\"https:\/\/perfect.inesctec.pt\/?p=82\"><img decoding=\"async\" alt=\"\" src=\"https:\/\/perfect.inesctec.pt\/wp-content\/uploads\/2019\/11\/neutralplan-1024x571.jpg\" \/><\/a><\/div>\n  <div class=\"layer-content\">\n        <div class=\"element element_0  title_link \">\r\n                    <a target=\"\"\r\n                href=\"https:\/\/perfect.inesctec.pt\/?p=82\">New prototype: Neutral Plan Identification<\/a>\r\n            <\/div>\r\n    <div class=\"element element_1  excerpt \">\r\n        The new prototype was developed with the close collaboration of the local corporation of firefighters \"Bombeiros Volunt\u00e1rios de Vila Real            <\/div>\r\n            <a class=\"element element_2  read_more \"\r\n            target=\"\"\r\n            href=\"https:\/\/perfect.inesctec.pt\/?p=82\"><\/a>\r\n      <\/div>\n    <\/div>\n  <\/div><div class=\"item item-70 skin flat odd 9 \">\n        <div class=\"layer-wrapper layout-\">\n        <div class=\"layer-media\"><a href=\"https:\/\/perfect.inesctec.pt\/?p=70\"><img decoding=\"async\" alt=\"\" src=\"https:\/\/perfect.inesctec.pt\/wp-content\/uploads\/2019\/11\/inesctec.png\" \/><\/a><\/div>\n  <div class=\"layer-content\">\n        <div class=\"element element_0  title_link \">\r\n                    <a target=\"\"\r\n                href=\"https:\/\/perfect.inesctec.pt\/?p=70\">PERFECT Kick-off meeting<\/a>\r\n            <\/div>\r\n    <div class=\"element element_1  excerpt \">\r\n        Recent evolutions in Virtual Reality (VR) technologies are creating new business opportunities. Training and certification is one area of application            <\/div>\r\n            <a class=\"element element_2  read_more \"\r\n            target=\"\"\r\n            href=\"https:\/\/perfect.inesctec.pt\/?p=70\"><\/a>\r\n      <\/div>\n    <\/div>\n  <\/div>    <\/div>\n    <div class=\"pagination\">\n      <div class=\"paginate\">\n      <\/div>\n  <style type=\"text\/css\">\n    #post-grid-75 .pagination .page-numbers {\n      font-size: 16px;\n      color: #fff;\n      background: #646464;\n    }\n\n    #post-grid-75 .pagination .page-numbers:hover,\n    #post-grid-75 .pagination .page-numbers.current {\n      background: #4b4b4b;\n    }\n  <\/style>\n  <\/div>\n      <script>\n          <\/script>\n    <style type=\"text\/css\">\n    #post-grid-75 .element_0 {\n      display: block;font-size: 21px;line-height: normal;padding: 5px 10px;text-align: left; text-decoration: none;    }\n\n    #post-grid-75 .element_1 {\n      display: block;font-size: 14px;padding: 5px 10px;text-align: left;    }\n\n    #post-grid-75 .element_2 {\n      display: block;font-size: 12px;font-weight: bold;padding: 0 10px;text-align: left;text-decoration: none;    }\n\n    #post-grid-75 .element_0:hover{}#post-grid-75 .element_1:hover{}#post-grid-75 .element_2:hover{}  <\/style>\n  <style type=\"text\/css\">\n    #post-grid-75 {\n      padding: 10px;\n          }\n\n    #post-grid-75 .item {\n      padding: 0px;\n      background: #fff;\n          }\n\n    #post-grid-75 .item .layer-media {\n      height:auto;    }\n\n    @media only screen and (min-width: 0px) and (max-width: 767px) {\n      #post-grid-75 .grid-items {\n        text-align: center;\n              }\n\n      #post-grid-75 .item {\n        width: 90%;\n        margin: 10px;\n        display: inline-block;\n        vertical-align: top;\n        height:auto;      }\n    }\n\n    @media only screen and (min-width: 768px) and (max-width: 1023px) {\n      #post-grid-75 .grid-items {\n        text-align: center;\n              }\n\n      #post-grid-75 .item {\n        width: 280px;\n        margin: 10px;\n        display: inline-block;\n        vertical-align: top;\n        max-height:auto;      }\n    }\n\n    @media only screen and (min-width: 1024px) {\n      #post-grid-75 .grid-items {\n        text-align: center;\n              }\n\n      #post-grid-75 .item {\n        width: 280px;\n        display: inline-block;\n        margin: 10px;\n        vertical-align: top;\n        height:auto;      }\n    }\n\n      <\/style>\n  <\/div>\n\n","protected":false},"excerpt":{"rendered":"<p>PERFECT aims to be the first step towards the creation of highly reliable multisensory virtual environments for training and simulation that delivers Perceptually Equivalent stimuli and thus enables the certification of trainees using only Virtual Reality (VR) technologies. This project represents a multidisciplinary approach where the existing knowledge within the[&#8230;]<\/p>\n","protected":false},"author":2,"featured_media":0,"parent":0,"menu_order":0,"comment_status":"closed","ping_status":"closed","template":"template-fullwidth.php","meta":{"footnotes":""},"class_list":["post-35","page","type-page","status-publish","hentry"],"_links":{"self":[{"href":"https:\/\/perfect.inesctec.pt\/index.php?rest_route=\/wp\/v2\/pages\/35","targetHints":{"allow":["GET"]}}],"collection":[{"href":"https:\/\/perfect.inesctec.pt\/index.php?rest_route=\/wp\/v2\/pages"}],"about":[{"href":"https:\/\/perfect.inesctec.pt\/index.php?rest_route=\/wp\/v2\/types\/page"}],"author":[{"embeddable":true,"href":"https:\/\/perfect.inesctec.pt\/index.php?rest_route=\/wp\/v2\/users\/2"}],"replies":[{"embeddable":true,"href":"https:\/\/perfect.inesctec.pt\/index.php?rest_route=%2Fwp%2Fv2%2Fcomments&post=35"}],"version-history":[{"count":9,"href":"https:\/\/perfect.inesctec.pt\/index.php?rest_route=\/wp\/v2\/pages\/35\/revisions"}],"predecessor-version":[{"id":125,"href":"https:\/\/perfect.inesctec.pt\/index.php?rest_route=\/wp\/v2\/pages\/35\/revisions\/125"}],"wp:attachment":[{"href":"https:\/\/perfect.inesctec.pt\/index.php?rest_route=%2Fwp%2Fv2%2Fmedia&parent=35"}],"curies":[{"name":"wp","href":"https:\/\/api.w.org\/{rel}","templated":true}]}}